{"id":836,"date":"2014-12-04T16:15:14","date_gmt":"2014-12-04T16:15:14","guid":{"rendered":"http:\/\/nicolasceloro.com\/?page_id=836"},"modified":"2020-02-11T17:28:21","modified_gmt":"2020-02-11T17:28:21","slug":"about","status":"publish","type":"page","link":"https:\/\/nicolasceloro.com\/ru\/about\/","title":{"rendered":"Biographie"},"content":{"rendered":"<div class=\"uk-margin-large uk-text-center\">\n<h2 class=\"uk-h1 uk-margin-bottom-remove\">NICOLAS CELORO<\/h2>\n<h3>PIANISTE ET COMPOSITEUR FRAN\u00c7AIS.<\/h3>\n<\/div>\n<div class=\"uk-margin-large uk-text-center\"><\/div>\n\n<div data-uk-slideshow=\"{}\">\n\n    <div class=\"uk-slidenav-position\">\n\n        <ul class=\"uk-slideshow\">\n        \n            <li style=\"min-height: 300px;\">\n\n                \n                    <img decoding=\"async\" src=\"\/wp-content\/uploads\/PORTRAIT-NICOLAS-CELORO.jpg\" alt=\"PORTRAIT NICOLAS CELORO\">\n                    \n                    \n                \n            <\/li>\n\n                <\/ul>\n\n                <a href=\"#\" class=\"uk-slidenav uk-slidenav-contrast uk-slidenav-previous uk-hidden-touch\" data-uk-slideshow-item=\"previous\"><\/a>\n        <a href=\"#\" class=\"uk-slidenav uk-slidenav-contrast uk-slidenav-next uk-hidden-touch\" data-uk-slideshow-item=\"next\"><\/a>\n        \n        \n    <\/div>\n\n    \n<\/div>\n\n\n<hr class=\"uk-article-separator uk-margin-large\">\n\n\n\n<div class=\"uk-grid-width-1-1 uk-grid-width-large-1-2 uk-grid uk-grid-match uk-text-left\" data-uk-grid-match=\"{target:'> div > .uk-panel', row:true}\" data-uk-grid-margin>\n\n\n    <div>\n        <div class=\"uk-panel\">\n\n            \n            \n            \n            \n            \n            \n            \n                        <div class=\"uk-margin\"><p><b>Nicolas Celoro<\/b> est un pianiste et compositeur fran\u00e7ais d&rsquo;ascendance napolitaine et andalouse. Il est aussi cr\u00e9ateur de nombreux spectacles musicaux, qu&rsquo;il donne avec des com\u00e9diens renomm\u00e9s. <\/p>\n\n<p>M\u00e9daille d\u2019Or du conservatoire de Versailles \u00e0 l\u2019\u00e2ge de 14 ans, Prix d\u2019excellence du concours de Radio France \u00ab Royaume de la Musique \u00bb \u00e0 16 ans, Prix du Conservatoire National Sup\u00e9rieur de Musique de Paris \u00e0 18 ans dans la classe d\u2019Aldo Ciccolini, Nicolas Celoro a \u00e9tudi\u00e9 aussi avec Pierre Barbizet, et pendant quatre ans avec le grand pianiste hongrois Gy\u00f6rgy Cziffra. Ce dernier qualifiera Nicolas Celoro de <b>\u00ab virtuose \u00e9tonnant alli\u00e9 \u00e0 un musicien aussi raffin\u00e9 que profond \u00bb.<\/b> <\/p>\n\n<p>Musicien international, Nicolas Celoro a parcouru les sc\u00e8nes d&rsquo;une vingtaine de pays (Allemagne, Angleterre, Autriche, Cor\u00e9e du Sud, Espagne, Etats-Unis, France, Hong-Kong, Hongrie, Italie, Ile Maurice, Japon, Philippines, Pologne, Russie, R\u00e9publique Tch\u00e8que, Singapour, Suisse, Turquie), se produisant dans les salles les plus prestigieuses (Victoria-Hall de Gen\u00e8ve, Th\u00e9\u00e2tre Royal de Madrid, Th\u00e9\u00e2tre de la Maestranza \u00e0 S\u00e9ville, Maison Internationale de la Musique \u00e0 Moscou, Salles Philharmoniques de nombreuses villes russes telles que Vladimir, Koursk, Tomsk, Nijni-Novgorod, Ijevsk, Mourom, Ivanovo, Kovrov, Yaroslav, et bien s\u00fbr en France : Salle Gaveau et Palais de l\u2019Unesco \u00e0 Paris, Op\u00e9ras et Sc\u00e8nes Nationales fran\u00e7aises \u2026) suscitant toujours l&rsquo;enthousiasme du public et de la presse :<\/p><\/div>\n            \n            \n            \n            \n        <\/div>\n    <\/div>\n\n\n    <div>\n        <div class=\"uk-panel\">\n\n            \n            \n            \n            \n            \n            \n            \n                        <div class=\"uk-margin\"><p><b>\u00ab \u2026En comparaison des figures inoubliables du piano, que nous avons \u00e9cout\u00e9es depuis plus de 60 ans tant en versions discographiques qu&rsquo;en direct, Nicolas Celoro joue avec les attributs techniques et artistiques que nous nous rappelons comme \u00e9tant les meilleurs \u00bb<\/b>, &#8211; (Francisco Melguizo, critique musical du journal \u00ab El Correo \u00bb, apr\u00e8s un r\u00e9cital de Nicolas Celoro au Th\u00e9\u00e2tre de la Maestranza \u00e0 S\u00e9ville).<\/p>\n\n<p>En r\u00e9cital, il aborde le vaste r\u00e9pertoire pianistique, depuis Bach, Mozart, Beethoven, jusqu&rsquo;\u00e0 Debussy, Rachmaninoff, Prokofieff, Albeniz ou De Falla, mais privil\u00e9gie particuli\u00e8rement la p\u00e9riode romantique, et joue souvent ses propres compositions. Celles-ci, fort appr\u00e9ci\u00e9es du public, rejoignent la sensibilit\u00e9 contemporaine, tout en restant en filiation avec Debussy, Liszt, ou Moussorgski, dans un style po\u00e9tique et lyrique. <\/p>\n\n<p><b>\u00ab Les compositions de Nicolas Celoro sont superbes et toutes remplies de lumi\u00e8re&#8230; Cette musique semble d\u00e9passer le romantisme ou l\u2019impressionisme musical fran\u00e7ais du d\u00e9but du XXe si\u00e8cle, pour nous conduire plus loin, vers une plus haute contemplation. Les changements d\u2019\u00e9motions sont si subtilement exprim\u00e9s dans la musique de Celoro, passant d\u2019un sentiment de calme intime jusqu\u2019\u00e0 la joie la plus \u00e9blouissante, ou bien d\u2019une int\u00e9riorit\u00e9 si profonde jusqu\u2019\u00e0 la jubilation la plus sinc\u00e8re et la plus radieuse. Dans cette musique, il n\u2019y a aucun st\u00e9r\u00e9otype, aucun conformisme, tout y est vivant, fr\u00e9missant et spontan\u00e9.\u00bb<\/b>. (Elena Guvakova, historienne d\u2019art, critique musical, directrice des Mus\u00e9es de culture musicale \u00e0 Moscou )<\/p>\n\n\n\n<p><\/p><\/div>\n            \n            \n            \n            \n        <\/div>\n    <\/div>\n\n\n<\/div>\n\n<div class=\"uk-grid-width-1-1 uk-grid-width-large-1-2 uk-grid uk-grid-match uk-text-left\" style=\"font-style: normal; font-variant-caps: normal; font-weight: normal; letter-spacing: normal; orphans: auto; text-indent: 0px; text-transform: none; white-space: normal; widows: auto; word-spacing: 0px; -webkit-text-size-adjust: auto; -webkit-text-stroke-width: 0px; text-decoration: none; display: flex; flex-wrap: wrap; margin: 0px 0px 0px -20px; padding: 0px; list-style: none; caret-color: #444444; color: #444444; font-family: 'Droid Serif'; font-size: 15px; text-align: left !important;\" data-uk-grid-match=\"{target:'> div > .uk-panel&rsquo;, row:true}\u00a0\u00bb data-uk-grid-margin=\u00a0\u00bb\u00a0\u00bb><div><div class=\"uk-panel\">\n<div class=\"uk-margin\"><\/div>\n<\/div>\n<\/div>\n<div class=\"uk-grid-margin\">\n<div class=\"uk-panel\">\n<div class=\"uk-margin\"><\/div>\n<\/div>\n<\/div>\n<\/div>\n<strong>\u00ab Nicolas Celoro nous est apparu non seulement comme un brillant interpr\u00e8te, mais aussi comme un compositeur de talent. C\u2019est sans doute en connaissant et en aimant la musique de ses grands pr\u00e9d\u00e9cesseurs, qu\u2019il est devenu non seulement leur interpr\u00e8te mais aussi, pourrions-nous dire, le continuateur des traditions musicales de la fin du XIXe et du d\u00e9but de XXe si\u00e8cle \u2026 Nicolas Celoro a conquis le public d\u00e8s la premi\u00e8re partie du r\u00e9cital, avec ses magnifiques pr\u00e9ludes. \u2026 Apr\u00e8s le concert, beaucoup \u00e9voquaient m\u00eame un v\u00e9ritable bouleversement \u00e9motionnel ! \u00bb<\/strong>\n\nElena Guvakova","protected":false},"excerpt":{"rendered":"<p>NICOLAS CELORO PIANISTE ET COMPOSITEUR FRAN\u00c7AIS.<\/p>","protected":false},"author":1,"featured_media":0,"parent":0,"menu_order":0,"comment_status":"closed","ping_status":"closed","template":"","meta":{"footnotes":""},"class_list":["post-836","page","type-page","status-publish","hentry"],"_links":{"self":[{"href":"https:\/\/nicolasceloro.com\/ru\/wp-json\/wp\/v2\/pages\/836","targetHints":{"allow":["GET"]}}],"collection":[{"href":"https:\/\/nicolasceloro.com\/ru\/wp-json\/wp\/v2\/pages"}],"about":[{"href":"https:\/\/nicolasceloro.com\/ru\/wp-json\/wp\/v2\/types\/page"}],"author":[{"embeddable":true,"href":"https:\/\/nicolasceloro.com\/ru\/wp-json\/wp\/v2\/users\/1"}],"replies":[{"embeddable":true,"href":"https:\/\/nicolasceloro.com\/ru\/wp-json\/wp\/v2\/comments?post=836"}],"version-history":[{"count":26,"href":"https:\/\/nicolasceloro.com\/ru\/wp-json\/wp\/v2\/pages\/836\/revisions"}],"predecessor-version":[{"id":2047,"href":"https:\/\/nicolasceloro.com\/ru\/wp-json\/wp\/v2\/pages\/836\/revisions\/2047"}],"wp:attachment":[{"href":"https:\/\/nicolasceloro.com\/ru\/wp-json\/wp\/v2\/media?parent=836"}],"curies":[{"name":"wp","href":"https:\/\/api.w.org\/{rel}","templated":true}]}}